{"id":936,"date":"2020-04-05T21:10:05","date_gmt":"2020-04-05T19:10:05","guid":{"rendered":"http:\/\/aoov.cz\/zapojte-se\/"},"modified":"2023-04-21T19:34:36","modified_gmt":"2023-04-21T17:34:36","slug":"get-involved","status":"publish","type":"page","link":"https:\/\/aoov.cz\/en\/get-involved\/","title":{"rendered":"Get involved"},"content":{"rendered":"\t\t<div data-elementor-type=\"wp-page\" data-elementor-id=\"936\" class=\"elementor elementor-936 elementor-24\" data-elementor-post-type=\"page\">\n\t\t\t\t\t\t<section class=\"elementor-section elementor-top-section elementor-element elementor-element-67d38f0 elementor-section-boxed elementor-section-height-default elementor-section-height-default\" data-id=\"67d38f0\" data-element_type=\"section\" data-e-type=\"section\">\n\t\t\t\t\t\t<div class=\"elementor-container elementor-column-gap-default\">\n\t\t\t\t\t<div class=\"elementor-column elementor-col-100 elementor-top-column elementor-element elementor-element-2ebaed8\" data-id=\"2ebaed8\" data-element_type=\"column\" data-e-type=\"column\">\n\t\t\t<div class=\"elementor-widget-wrap elementor-element-populated\">\n\t\t\t\t\t\t<div class=\"elementor-element elementor-element-f94f679 elementor-widget elementor-widget-text-editor\" data-id=\"f94f679\" data-element_type=\"widget\" data-e-type=\"widget\" data-widget_type=\"text-editor.default\">\n\t\t\t\t<div class=\"elementor-widget-container\">\n\t\t\t\t\t\t\t\t\t<p><b>Do you want to work with us?<\/b><\/p><p>Contact our Secretariat.<b><br \/><\/b><\/p>\t\t\t\t\t\t\t\t<\/div>\n\t\t\t\t<\/div>\n\t\t\t\t<div class=\"elementor-element elementor-element-e41f080 elementor-author-box--layout-image-above elementor-author-box--align-center elementor-widget elementor-widget-author-box\" data-id=\"e41f080\" data-element_type=\"widget\" data-e-type=\"widget\" data-widget_type=\"author-box.default\">\n\t\t\t\t<div class=\"elementor-widget-container\">\n\t\t\t\t\t\t\t<div class=\"elementor-author-box\">\n\t\t\t\t\t\t\t<div  class=\"elementor-author-box__avatar\">\n\t\t\t\t\t<img decoding=\"async\" src=\"https:\/\/aoov.cz\/wp-content\/uploads\/2020\/05\/AOOV-favicon_cmpr-300x300.png\" alt=\"Picture of Secretariat\" loading=\"lazy\">\n\t\t\t\t<\/div>\n\t\t\t\n\t\t\t<div class=\"elementor-author-box__text\">\n\t\t\t\t\t\t\t\t\t<div >\n\t\t\t\t\t\t<h4 class=\"elementor-author-box__name\">\n\t\t\t\t\t\t\tSecretariat\t\t\t\t\t\t<\/h4>\n\t\t\t\t\t<\/div>\n\t\t\t\t\n\t\t\t\t\t\t\t\t\t<div class=\"elementor-author-box__bio\">\n\t\t\t\t\t\t<p><a href=\"tel:+420704849689\" style=\"color:black\">+420 704 849 689<\/a><br \/>\n<a href=\"mailto:kancelar@aoov.cz\"style=\"color:black\">kancelar@aoov.cz<\/a><\/p>\n\t\t\t\t\t<\/div>\n\t\t\t\t\n\t\t\t\t\t\t\t<\/div>\n\t\t<\/div>\n\t\t\t\t\t\t<\/div>\n\t\t\t\t<\/div>\n\t\t\t\t\t<\/div>\n\t\t<\/div>\n\t\t\t\t\t<\/div>\n\t\t<\/section>\n\t\t\t\t<section class=\"elementor-section elementor-top-section elementor-element elementor-element-5d5d4d4 elementor-section-stretched elementor-section-boxed elementor-section-height-default elementor-section-height-default\" data-id=\"5d5d4d4\" data-element_type=\"section\" data-e-type=\"section\" data-settings=\"{&quot;stretch_section&quot;:&quot;section-stretched&quot;,&quot;background_background&quot;:&quot;classic&quot;}\">\n\t\t\t\t\t\t<div class=\"elementor-container elementor-column-gap-default\">\n\t\t\t\t\t<div class=\"elementor-column elementor-col-100 elementor-top-column elementor-element elementor-element-d979656\" data-id=\"d979656\" data-element_type=\"column\" data-e-type=\"column\" data-settings=\"{&quot;background_background&quot;:&quot;classic&quot;}\">\n\t\t\t<div class=\"elementor-widget-wrap elementor-element-populated\">\n\t\t\t\t\t\t<div class=\"elementor-element elementor-element-9b4f85c elementor-widget elementor-widget-menu-anchor\" data-id=\"9b4f85c\" data-element_type=\"widget\" data-e-type=\"widget\" data-widget_type=\"menu-anchor.default\">\n\t\t\t\t<div class=\"elementor-widget-container\">\n\t\t\t\t\t\t\t<div class=\"elementor-menu-anchor\" id=\"chci-podporit\"><\/div>\n\t\t\t\t\t\t<\/div>\n\t\t\t\t<\/div>\n\t\t\t\t<div class=\"elementor-element elementor-element-9c68f31 elementor-widget elementor-widget-heading\" data-id=\"9c68f31\" data-element_type=\"widget\" data-e-type=\"widget\" data-widget_type=\"heading.default\">\n\t\t\t\t<div class=\"elementor-widget-container\">\n\t\t\t\t\t<h2 class=\"elementor-heading-title elementor-size-default\">How else can you contribute?<\/h2>\t\t\t\t<\/div>\n\t\t\t\t<\/div>\n\t\t\t\t<section class=\"elementor-section elementor-inner-section elementor-element elementor-element-d13c760 elementor-section-boxed elementor-section-height-default elementor-section-height-default\" data-id=\"d13c760\" data-element_type=\"section\" data-e-type=\"section\">\n\t\t\t\t\t\t<div class=\"elementor-container elementor-column-gap-default\">\n\t\t\t\t\t<div class=\"elementor-column elementor-col-100 elementor-inner-column elementor-element elementor-element-0c72d4f\" data-id=\"0c72d4f\" data-element_type=\"column\" data-e-type=\"column\">\n\t\t\t<div class=\"elementor-widget-wrap elementor-element-populated\">\n\t\t\t\t\t\t<div class=\"elementor-element elementor-element-7687b47 elementor-widget elementor-widget-text-editor\" data-id=\"7687b47\" data-element_type=\"widget\" data-e-type=\"widget\" data-widget_type=\"text-editor.default\">\n\t\t\t\t<div class=\"elementor-widget-container\">\n\t\t\t\t\t\t\t\t\t<p><strong>we appreciate any financial support,<\/strong> in the form of either a <strong>one-off<\/strong> or <strong>standing payment order to<\/strong>:<\/p>\t\t\t\t\t\t\t\t<\/div>\n\t\t\t\t<\/div>\n\t\t\t\t<div class=\"elementor-element elementor-element-d060e92 elementor-widget elementor-widget-text-editor\" data-id=\"d060e92\" data-element_type=\"widget\" data-e-type=\"widget\" data-widget_type=\"text-editor.default\">\n\t\t\t\t<div class=\"elementor-widget-container\">\n\t\t\t\t\t\t\t\t\t<p><b>2001745695\/2010, Fio banka<\/b><\/p><p><span style=\"font-weight: bold;\">IBAN<\/span><b><span lang=\"EN-GB\" style=\"font-size: 16.0pt; mso-bidi-font-size: 19.0pt;\">:<\/span><\/b><span lang=\"EN-GB\" style=\"font-size: 12.0pt; font-family: 'Arial','sans-serif'; mso-fareast-font-family: 'Times New Roman'; color: #222222;\">\u00a0<\/span><span style=\"font-weight: bold;\">CZ 72 2010 0000 0020 0174 5695<\/span><\/p><p><span style=\"font-weight: bold;\">SWIFT\/BIC: FIOBCZPPXXX\u00a0<\/span><\/p>\t\t\t\t\t\t\t\t<\/div>\n\t\t\t\t<\/div>\n\t\t\t\t<div class=\"elementor-element elementor-element-9bbf86a elementor-widget elementor-widget-text-editor\" data-id=\"9bbf86a\" data-element_type=\"widget\" data-e-type=\"widget\" data-widget_type=\"text-editor.default\">\n\t\t\t\t<div class=\"elementor-widget-container\">\n\t\t\t\t\t\t\t\t\t<p>The AOOV is exempt from the donation tax. We will use all donations we receive in full.<\/p><p><strong>Information about the processing of personal data can be found <\/strong><a href=\"http:\/\/aoov.cz\/wp-content\/uploads\/2020\/06\/information_processing-the-personal-data.pdf\">here<\/a>.<\/p><p>\u00a0<\/p><p><strong>Donation confirmation<\/strong><\/p><p>We will be happy to issue you a gift certificate. If you are interested, please contact us at\u00a0<a href=\"mailto:kancelar@aoov.cz\">kancelar@aoov.cz<\/a>.<\/p>\t\t\t\t\t\t\t\t<\/div>\n\t\t\t\t<\/div>\n\t\t\t\t\t<\/div>\n\t\t<\/div>\n\t\t\t\t\t<\/div>\n\t\t<\/section>\n\t\t\t\t\t<\/div>\n\t\t<\/div>\n\t\t\t\t\t<\/div>\n\t\t<\/section>\n\t\t\t\t<\/div>\n\t\t","protected":false},"excerpt":{"rendered":"<p>Do you want to work with us? Contact our Secretariat. How else can you contribute? we appreciate any financial support, in the form of either a one-off or standing payment order to: 2001745695\/2010, Fio banka IBAN:\u00a0CZ 72 2010 0000 0020 0174 5695 SWIFT\/BIC: FIOBCZPPXXX\u00a0 The AOOV is exempt from the donation tax. We will use [&hellip;]<\/p>\n","protected":false},"author":1,"featured_media":528,"parent":0,"menu_order":0,"comment_status":"closed","ping_status":"closed","template":"","meta":{"_acf_changed":false,"footnotes":""},"class_list":["post-936","page","type-page","status-publish","has-post-thumbnail","hentry"],"acf":[],"yoast_head":"<!-- This site is optimized with the Yoast SEO plugin v24.7 - https:\/\/yoast.com\/wordpress\/plugins\/seo\/ -->\n<title>Get involved - aoov.cz<\/title>\n<meta name=\"robots\" content=\"index, follow, max-snippet:-1, max-image-preview:large, max-video-preview:-1\" \/>\n<link rel=\"canonical\" href=\"https:\/\/aoov.cz\/en\/get-involved\/\" \/>\n<meta property=\"og:locale\" content=\"en_US\" \/>\n<meta property=\"og:type\" content=\"article\" \/>\n<meta property=\"og:title\" content=\"Asociace organizac\u00ed v oblasti v\u011bze\u0148stv\u00ed - Zapojte se\" \/>\n<meta property=\"og:description\" content=\"M\u00e1te z\u00e1jem o \u010dlenstv\u00ed? Chcete se st\u00e1t pozorovatele? Jak jinak m\u016f\u017eete p\u0159isp\u011bt?\" \/>\n<meta property=\"og:url\" content=\"https:\/\/aoov.cz\/en\/get-involved\/\" \/>\n<meta property=\"og:site_name\" content=\"aoov.cz\" \/>\n<meta property=\"article:modified_time\" content=\"2023-04-21T17:34:36+00:00\" \/>\n<meta property=\"og:image\" content=\"https:\/\/aoov.cz\/wp-content\/uploads\/2020\/05\/aoov_FB-nahled_cmpr.png\" \/>\n\t<meta property=\"og:image:width\" content=\"1200\" \/>\n\t<meta property=\"og:image:height\" content=\"630\" \/>\n\t<meta property=\"og:image:type\" content=\"image\/png\" \/>\n<meta name=\"twitter:card\" content=\"summary_large_image\" \/>\n<script type=\"application\/ld+json\" class=\"yoast-schema-graph\">{\"@context\":\"https:\/\/schema.org\",\"@graph\":[{\"@type\":\"WebPage\",\"@id\":\"https:\/\/aoov.cz\/en\/get-involved\/\",\"url\":\"https:\/\/aoov.cz\/en\/get-involved\/\",\"name\":\"Get involved - aoov.cz\",\"isPartOf\":{\"@id\":\"https:\/\/aoov.cz\/en\/#website\"},\"primaryImageOfPage\":{\"@id\":\"https:\/\/aoov.cz\/en\/get-involved\/#primaryimage\"},\"image\":{\"@id\":\"https:\/\/aoov.cz\/en\/get-involved\/#primaryimage\"},\"thumbnailUrl\":\"https:\/\/aoov.cz\/wp-content\/uploads\/2020\/05\/AOOV-favicon_cmpr.png\",\"datePublished\":\"2020-04-05T19:10:05+00:00\",\"dateModified\":\"2023-04-21T17:34:36+00:00\",\"breadcrumb\":{\"@id\":\"https:\/\/aoov.cz\/en\/get-involved\/#breadcrumb\"},\"inLanguage\":\"en-US\",\"potentialAction\":[{\"@type\":\"ReadAction\",\"target\":[\"https:\/\/aoov.cz\/en\/get-involved\/\"]}]},{\"@type\":\"ImageObject\",\"inLanguage\":\"en-US\",\"@id\":\"https:\/\/aoov.cz\/en\/get-involved\/#primaryimage\",\"url\":\"https:\/\/aoov.cz\/wp-content\/uploads\/2020\/05\/AOOV-favicon_cmpr.png\",\"contentUrl\":\"https:\/\/aoov.cz\/wp-content\/uploads\/2020\/05\/AOOV-favicon_cmpr.png\",\"width\":512,\"height\":512},{\"@type\":\"BreadcrumbList\",\"@id\":\"https:\/\/aoov.cz\/en\/get-involved\/#breadcrumb\",\"itemListElement\":[{\"@type\":\"ListItem\",\"position\":1,\"name\":\"Dom\u016f\",\"item\":\"https:\/\/aoov.cz\/en\/\"},{\"@type\":\"ListItem\",\"position\":2,\"name\":\"Get involved\"}]},{\"@type\":\"WebSite\",\"@id\":\"https:\/\/aoov.cz\/en\/#website\",\"url\":\"https:\/\/aoov.cz\/en\/\",\"name\":\"aoov.cz\",\"description\":\"Asociace organizac\u00ed v oblasti v\u011bze\u0148stv\u00ed\",\"publisher\":{\"@id\":\"https:\/\/aoov.cz\/en\/#organization\"},\"potentialAction\":[{\"@type\":\"SearchAction\",\"target\":{\"@type\":\"EntryPoint\",\"urlTemplate\":\"https:\/\/aoov.cz\/en\/?s={search_term_string}\"},\"query-input\":{\"@type\":\"PropertyValueSpecification\",\"valueRequired\":true,\"valueName\":\"search_term_string\"}}],\"inLanguage\":\"en-US\"},{\"@type\":\"Organization\",\"@id\":\"https:\/\/aoov.cz\/en\/#organization\",\"name\":\"aoov.cz\",\"url\":\"https:\/\/aoov.cz\/en\/\",\"logo\":{\"@type\":\"ImageObject\",\"inLanguage\":\"en-US\",\"@id\":\"https:\/\/aoov.cz\/en\/#\/schema\/logo\/image\/\",\"url\":\"https:\/\/aoov.cz\/wp-content\/uploads\/2020\/04\/AOOV-logo_cpmr.png\",\"contentUrl\":\"https:\/\/aoov.cz\/wp-content\/uploads\/2020\/04\/AOOV-logo_cpmr.png\",\"width\":1500,\"height\":697,\"caption\":\"aoov.cz\"},\"image\":{\"@id\":\"https:\/\/aoov.cz\/en\/#\/schema\/logo\/image\/\"}}]}<\/script>\n<!-- \/ Yoast SEO plugin. -->","yoast_head_json":{"title":"Get involved - aoov.cz","robots":{"index":"index","follow":"follow","max-snippet":"max-snippet:-1","max-image-preview":"max-image-preview:large","max-video-preview":"max-video-preview:-1"},"canonical":"https:\/\/aoov.cz\/en\/get-involved\/","og_locale":"en_US","og_type":"article","og_title":"Asociace organizac\u00ed v oblasti v\u011bze\u0148stv\u00ed - Zapojte se","og_description":"M\u00e1te z\u00e1jem o \u010dlenstv\u00ed? Chcete se st\u00e1t pozorovatele? Jak jinak m\u016f\u017eete p\u0159isp\u011bt?","og_url":"https:\/\/aoov.cz\/en\/get-involved\/","og_site_name":"aoov.cz","article_modified_time":"2023-04-21T17:34:36+00:00","og_image":[{"width":1200,"height":630,"url":"https:\/\/aoov.cz\/wp-content\/uploads\/2020\/05\/aoov_FB-nahled_cmpr.png","type":"image\/png"}],"twitter_card":"summary_large_image","schema":{"@context":"https:\/\/schema.org","@graph":[{"@type":"WebPage","@id":"https:\/\/aoov.cz\/en\/get-involved\/","url":"https:\/\/aoov.cz\/en\/get-involved\/","name":"Get involved - aoov.cz","isPartOf":{"@id":"https:\/\/aoov.cz\/en\/#website"},"primaryImageOfPage":{"@id":"https:\/\/aoov.cz\/en\/get-involved\/#primaryimage"},"image":{"@id":"https:\/\/aoov.cz\/en\/get-involved\/#primaryimage"},"thumbnailUrl":"https:\/\/aoov.cz\/wp-content\/uploads\/2020\/05\/AOOV-favicon_cmpr.png","datePublished":"2020-04-05T19:10:05+00:00","dateModified":"2023-04-21T17:34:36+00:00","breadcrumb":{"@id":"https:\/\/aoov.cz\/en\/get-involved\/#breadcrumb"},"inLanguage":"en-US","potentialAction":[{"@type":"ReadAction","target":["https:\/\/aoov.cz\/en\/get-involved\/"]}]},{"@type":"ImageObject","inLanguage":"en-US","@id":"https:\/\/aoov.cz\/en\/get-involved\/#primaryimage","url":"https:\/\/aoov.cz\/wp-content\/uploads\/2020\/05\/AOOV-favicon_cmpr.png","contentUrl":"https:\/\/aoov.cz\/wp-content\/uploads\/2020\/05\/AOOV-favicon_cmpr.png","width":512,"height":512},{"@type":"BreadcrumbList","@id":"https:\/\/aoov.cz\/en\/get-involved\/#breadcrumb","itemListElement":[{"@type":"ListItem","position":1,"name":"Dom\u016f","item":"https:\/\/aoov.cz\/en\/"},{"@type":"ListItem","position":2,"name":"Get involved"}]},{"@type":"WebSite","@id":"https:\/\/aoov.cz\/en\/#website","url":"https:\/\/aoov.cz\/en\/","name":"aoov.cz","description":"Asociace organizac\u00ed v oblasti v\u011bze\u0148stv\u00ed","publisher":{"@id":"https:\/\/aoov.cz\/en\/#organization"},"potentialAction":[{"@type":"SearchAction","target":{"@type":"EntryPoint","urlTemplate":"https:\/\/aoov.cz\/en\/?s={search_term_string}"},"query-input":{"@type":"PropertyValueSpecification","valueRequired":true,"valueName":"search_term_string"}}],"inLanguage":"en-US"},{"@type":"Organization","@id":"https:\/\/aoov.cz\/en\/#organization","name":"aoov.cz","url":"https:\/\/aoov.cz\/en\/","logo":{"@type":"ImageObject","inLanguage":"en-US","@id":"https:\/\/aoov.cz\/en\/#\/schema\/logo\/image\/","url":"https:\/\/aoov.cz\/wp-content\/uploads\/2020\/04\/AOOV-logo_cpmr.png","contentUrl":"https:\/\/aoov.cz\/wp-content\/uploads\/2020\/04\/AOOV-logo_cpmr.png","width":1500,"height":697,"caption":"aoov.cz"},"image":{"@id":"https:\/\/aoov.cz\/en\/#\/schema\/logo\/image\/"}}]}},"_links":{"self":[{"href":"https:\/\/aoov.cz\/en\/wp-json\/wp\/v2\/pages\/936","targetHints":{"allow":["GET"]}}],"collection":[{"href":"https:\/\/aoov.cz\/en\/wp-json\/wp\/v2\/pages"}],"about":[{"href":"https:\/\/aoov.cz\/en\/wp-json\/wp\/v2\/types\/page"}],"author":[{"embeddable":true,"href":"https:\/\/aoov.cz\/en\/wp-json\/wp\/v2\/users\/1"}],"replies":[{"embeddable":true,"href":"https:\/\/aoov.cz\/en\/wp-json\/wp\/v2\/comments?post=936"}],"version-history":[{"count":27,"href":"https:\/\/aoov.cz\/en\/wp-json\/wp\/v2\/pages\/936\/revisions"}],"predecessor-version":[{"id":8153,"href":"https:\/\/aoov.cz\/en\/wp-json\/wp\/v2\/pages\/936\/revisions\/8153"}],"wp:featuredmedia":[{"embeddable":true,"href":"https:\/\/aoov.cz\/en\/wp-json\/wp\/v2\/media\/528"}],"wp:attachment":[{"href":"https:\/\/aoov.cz\/en\/wp-json\/wp\/v2\/media?parent=936"}],"curies":[{"name":"wp","href":"https:\/\/api.w.org\/{rel}","templated":true}]}}