{"id":815,"date":"2020-07-13T12:27:41","date_gmt":"2020-07-13T10:27:41","guid":{"rendered":"http:\/\/aoov.cz\/contact\/"},"modified":"2025-02-27T11:36:12","modified_gmt":"2025-02-27T10:36:12","slug":"contact","status":"publish","type":"page","link":"https:\/\/aoov.cz\/en\/contact\/","title":{"rendered":"Contact"},"content":{"rendered":"\t\t<div data-elementor-type=\"wp-page\" data-elementor-id=\"815\" class=\"elementor elementor-815 elementor-56\" data-elementor-post-type=\"page\">\n\t\t\t\t\t\t<section class=\"elementor-section elementor-top-section elementor-element elementor-element-3937851 elementor-section-boxed elementor-section-height-default elementor-section-height-default\" data-id=\"3937851\" data-element_type=\"section\" data-e-type=\"section\">\n\t\t\t\t\t\t<div class=\"elementor-container elementor-column-gap-default\">\n\t\t\t\t\t<div class=\"elementor-column elementor-col-50 elementor-top-column elementor-element elementor-element-84fc3e4\" data-id=\"84fc3e4\" data-element_type=\"column\" data-e-type=\"column\">\n\t\t\t<div class=\"elementor-widget-wrap elementor-element-populated\">\n\t\t\t\t\t\t<div class=\"elementor-element elementor-element-7ac5d3f elementor-widget elementor-widget-heading\" data-id=\"7ac5d3f\" data-element_type=\"widget\" data-e-type=\"widget\" data-widget_type=\"heading.default\">\n\t\t\t\t<div class=\"elementor-widget-container\">\n\t\t\t\t\t<h2 class=\"elementor-heading-title elementor-size-default\">Asociace organizac\u00ed v oblasti v\u011bze\u0148stv\u00ed (AOOV) <\/h2>\t\t\t\t<\/div>\n\t\t\t\t<\/div>\n\t\t\t\t<div class=\"elementor-element elementor-element-cc982b8 elementor-icon-list--layout-traditional elementor-list-item-link-full_width elementor-widget elementor-widget-icon-list\" data-id=\"cc982b8\" data-element_type=\"widget\" data-e-type=\"widget\" data-widget_type=\"icon-list.default\">\n\t\t\t\t<div class=\"elementor-widget-container\">\n\t\t\t\t\t\t\t<ul class=\"elementor-icon-list-items\">\n\t\t\t\t\t\t\t<li class=\"elementor-icon-list-item\">\n\t\t\t\t\t\t\t\t\t\t\t<a href=\"https:\/\/mapy.cz\/s\/2cHvh\">\n\n\t\t\t\t\t\t\t\t\t\t\t\t<span class=\"elementor-icon-list-icon\">\n\t\t\t\t\t\t\t<i aria-hidden=\"true\" class=\"far fa-address-card\"><\/i>\t\t\t\t\t\t<\/span>\n\t\t\t\t\t\t\t\t\t\t<span class=\"elementor-icon-list-text\">Address: Nov\u00e1kov\u00fdch 439\/6, Libe\u0148, 180 00 Praha 8, Czech Republic<\/span>\n\t\t\t\t\t\t\t\t\t\t\t<\/a>\n\t\t\t\t\t\t\t\t\t<\/li>\n\t\t\t\t\t\t\t\t<li class=\"elementor-icon-list-item\">\n\t\t\t\t\t\t\t\t\t\t\t<a href=\"https:\/\/mapy.cz\/zakladni?x=14.4744806&#038;y=50.1030624&#038;z=17&#038;source=addr&#038;id=8992656&#038;q=nov%C3%A1kov%C3%BDch%20439%2F6\">\n\n\t\t\t\t\t\t\t\t\t\t\t\t<span class=\"elementor-icon-list-icon\">\n\t\t\t\t\t\t\t<i aria-hidden=\"true\" class=\"fas fa-map-marker-alt\"><\/i>\t\t\t\t\t\t<\/span>\n\t\t\t\t\t\t\t\t\t\t<span class=\"elementor-icon-list-text\">GPS Loc: 50\u00b06\u201910.876\u2033N, 14\u00b028\u201928.130\u2033E<\/a><\/span>\n\t\t\t\t\t\t\t\t\t\t\t<\/a>\n\t\t\t\t\t\t\t\t\t<\/li>\n\t\t\t\t\t\t\t\t<li class=\"elementor-icon-list-item\">\n\t\t\t\t\t\t\t\t\t\t\t<a href=\"tel:+420734491024\">\n\n\t\t\t\t\t\t\t\t\t\t\t\t<span class=\"elementor-icon-list-icon\">\n\t\t\t\t\t\t\t<i aria-hidden=\"true\" class=\"fas fa-phone-square-alt\"><\/i>\t\t\t\t\t\t<\/span>\n\t\t\t\t\t\t\t\t\t\t<span class=\"elementor-icon-list-text\">Telefon: +420 704 849 689<\/span>\n\t\t\t\t\t\t\t\t\t\t\t<\/a>\n\t\t\t\t\t\t\t\t\t<\/li>\n\t\t\t\t\t\t\t\t<li class=\"elementor-icon-list-item\">\n\t\t\t\t\t\t\t\t\t\t\t<a href=\"mailto:kancelar@aoov.cz\">\n\n\t\t\t\t\t\t\t\t\t\t\t\t<span class=\"elementor-icon-list-icon\">\n\t\t\t\t\t\t\t<i aria-hidden=\"true\" class=\"fas fa-envelope\"><\/i>\t\t\t\t\t\t<\/span>\n\t\t\t\t\t\t\t\t\t\t<span class=\"elementor-icon-list-text\">Email: kancelar@aoov.cz<\/span>\n\t\t\t\t\t\t\t\t\t\t\t<\/a>\n\t\t\t\t\t\t\t\t\t<\/li>\n\t\t\t\t\t\t<\/ul>\n\t\t\t\t\t\t<\/div>\n\t\t\t\t<\/div>\n\t\t\t\t<div class=\"elementor-element elementor-element-7c0e992 elementor-widget elementor-widget-text-editor\" data-id=\"7c0e992\" data-element_type=\"widget\" data-e-type=\"widget\" data-widget_type=\"text-editor.default\">\n\t\t\t\t<div class=\"elementor-widget-container\">\n\t\t\t\t\t\t\t\t\t<p>ID data box: thhga27<br \/>\nI\u010c: 08610126<br \/>\nBank Account: 2001745695\/2010 Fio Banka<br \/>\nRegistered at the Municipal Court in Prague under the file number L 72604\/MSPH<\/p>\n\t\t\t\t\t\t\t\t<\/div>\n\t\t\t\t<\/div>\n\t\t\t\t\t<\/div>\n\t\t<\/div>\n\t\t\t\t<div class=\"elementor-column elementor-col-50 elementor-top-column elementor-element elementor-element-30fe102\" data-id=\"30fe102\" data-element_type=\"column\" data-e-type=\"column\">\n\t\t\t<div class=\"elementor-widget-wrap elementor-element-populated\">\n\t\t\t\t\t\t<div class=\"elementor-element elementor-element-d379926 elementor-author-box--layout-image-left elementor-author-box--align-right elementor-author-box--image-valign-middle elementor-widget elementor-widget-author-box\" data-id=\"d379926\" data-element_type=\"widget\" data-e-type=\"widget\" data-widget_type=\"author-box.default\">\n\t\t\t\t<div class=\"elementor-widget-container\">\n\t\t\t\t\t\t\t<div class=\"elementor-author-box\">\n\t\t\t\t\t\t\t<div  class=\"elementor-author-box__avatar\">\n\t\t\t\t\t<img decoding=\"async\" src=\"https:\/\/aoov.cz\/wp-content\/uploads\/2020\/10\/Fotka_ZT_Maternum_portr\u00e9t-1-234x300.jpg\" alt=\"Picture of Zuzana Tinglov\u00e1\" loading=\"lazy\">\n\t\t\t\t<\/div>\n\t\t\t\n\t\t\t<div class=\"elementor-author-box__text\">\n\t\t\t\t\t\t\t\t\t<div >\n\t\t\t\t\t\t<h4 class=\"elementor-author-box__name\">\n\t\t\t\t\t\t\tZuzana Tinglov\u00e1\t\t\t\t\t\t<\/h4>\n\t\t\t\t\t<\/div>\n\t\t\t\t\n\t\t\t\t\t\t\t\t\t<div class=\"elementor-author-box__bio\">\n\t\t\t\t\t\t<p>Secretary General<br \/>\n<a href=\"tel:+420731 058 898\" style=\"color:black\">+420 731 058 898<\/a><br \/>\n<a href=\"mailto:tinglova@aoov.cz\"style=\"color:black\">tinglova@aoov.cz<\/a><\/p>\n\t\t\t\t\t<\/div>\n\t\t\t\t\n\t\t\t\t\t\t\t<\/div>\n\t\t<\/div>\n\t\t\t\t\t\t<\/div>\n\t\t\t\t<\/div>\n\t\t\t\t<div class=\"elementor-element elementor-element-9a4c4d3 elementor-author-box--layout-image-left elementor-author-box--align-right elementor-widget elementor-widget-author-box\" data-id=\"9a4c4d3\" data-element_type=\"widget\" data-e-type=\"widget\" data-widget_type=\"author-box.default\">\n\t\t\t\t<div class=\"elementor-widget-container\">\n\t\t\t\t\t\t\t<div class=\"elementor-author-box\">\n\t\t\t\n\t\t\t<div class=\"elementor-author-box__text\">\n\t\t\t\t\t\t\t\t\t<div >\n\t\t\t\t\t\t<h4 class=\"elementor-author-box__name\">\n\t\t\t\t\t\t\tMartina Zemanov\u00e1\t\t\t\t\t\t<\/h4>\n\t\t\t\t\t<\/div>\n\t\t\t\t\n\t\t\t\t\t\t\t\t\t<div class=\"elementor-author-box__bio\">\n\t\t\t\t\t\t<p>Secretariat, Project Manager<br \/>\n<a href=\"tel:+420 774 137 187\" style=\"color:black\">+420 704 849 689<\/a><br \/>\n<a href=\"mailto:kancelar@aoov.cz\"style=\"color:black\">kancelar@aoov.cz<\/a><\/p>\n\t\t\t\t\t<\/div>\n\t\t\t\t\n\t\t\t\t\t\t\t<\/div>\n\t\t<\/div>\n\t\t\t\t\t\t<\/div>\n\t\t\t\t<\/div>\n\t\t\t\t\t<\/div>\n\t\t<\/div>\n\t\t\t\t\t<\/div>\n\t\t<\/section>\n\t\t\t\t<section class=\"elementor-section elementor-top-section elementor-element elementor-element-c0f5ae7 elementor-section-boxed elementor-section-height-default elementor-section-height-default\" data-id=\"c0f5ae7\" data-element_type=\"section\" data-e-type=\"section\">\n\t\t\t\t\t\t<div class=\"elementor-container elementor-column-gap-default\">\n\t\t\t\t\t<div class=\"elementor-column elementor-col-100 elementor-top-column elementor-element elementor-element-a07215c\" data-id=\"a07215c\" data-element_type=\"column\" data-e-type=\"column\">\n\t\t\t<div class=\"elementor-widget-wrap elementor-element-populated\">\n\t\t\t\t\t\t<div class=\"elementor-element elementor-element-41b8686 elementor-shape-rounded elementor-grid-0 e-grid-align-center elementor-widget elementor-widget-social-icons\" data-id=\"41b8686\" data-element_type=\"widget\" data-e-type=\"widget\" data-widget_type=\"social-icons.default\">\n\t\t\t\t<div class=\"elementor-widget-container\">\n\t\t\t\t\t\t\t<div class=\"elementor-social-icons-wrapper elementor-grid\" role=\"list\">\n\t\t\t\t\t\t\t<span class=\"elementor-grid-item\" role=\"listitem\">\n\t\t\t\t\t<a class=\"elementor-icon elementor-social-icon elementor-social-icon-facebook elementor-repeater-item-d393fb7\" href=\"https:\/\/www.facebook.com\/Asociace-organizac%C3%AD-v-oblasti-veze%C5%88stv%C3%AD-109448390720499\/\" target=\"_blank\">\n\t\t\t\t\t\t<span class=\"elementor-screen-only\">Facebook<\/span>\n\t\t\t\t\t\t<i aria-hidden=\"true\" class=\"fab fa-facebook\"><\/i>\t\t\t\t\t<\/a>\n\t\t\t\t<\/span>\n\t\t\t\t\t\t\t<span class=\"elementor-grid-item\" role=\"listitem\">\n\t\t\t\t\t<a class=\"elementor-icon elementor-social-icon elementor-social-icon-twitter elementor-repeater-item-ba19981\" href=\"https:\/\/twitter.com\/AsociaceV\" target=\"_blank\">\n\t\t\t\t\t\t<span class=\"elementor-screen-only\">Twitter<\/span>\n\t\t\t\t\t\t<i aria-hidden=\"true\" class=\"fab fa-twitter\"><\/i>\t\t\t\t\t<\/a>\n\t\t\t\t<\/span>\n\t\t\t\t\t<\/div>\n\t\t\t\t\t\t<\/div>\n\t\t\t\t<\/div>\n\t\t\t\t\t<\/div>\n\t\t<\/div>\n\t\t\t\t\t<\/div>\n\t\t<\/section>\n\t\t\t\t<\/div>\n\t\t","protected":false},"excerpt":{"rendered":"<p>Asociace organizac\u00ed v oblasti v\u011bze\u0148stv\u00ed (AOOV) Address: Nov\u00e1kov\u00fdch 439\/6, Libe\u0148, 180 00 Praha 8, Czech Republic GPS Loc: 50\u00b06\u201910.876\u2033N, 14\u00b028\u201928.130\u2033E Telefon: +420 704 849 689 Email: kancelar@aoov.cz ID data box: thhga27 I\u010c: 08610126 Bank Account: 2001745695\/2010 Fio Banka Registered at the Municipal Court in Prague under the file number L 72604\/MSPH Facebook Twitter<\/p>\n","protected":false},"author":1,"featured_media":528,"parent":0,"menu_order":0,"comment_status":"closed","ping_status":"closed","template":"","meta":{"_acf_changed":false,"footnotes":""},"class_list":["post-815","page","type-page","status-publish","has-post-thumbnail","hentry"],"acf":[],"yoast_head":"<!-- This site is optimized with the Yoast SEO plugin v24.7 - https:\/\/yoast.com\/wordpress\/plugins\/seo\/ -->\n<title>Contact - aoov.cz<\/title>\n<meta name=\"robots\" content=\"index, follow, max-snippet:-1, max-image-preview:large, max-video-preview:-1\" \/>\n<link rel=\"canonical\" href=\"https:\/\/aoov.cz\/en\/contact\/\" \/>\n<meta property=\"og:locale\" content=\"en_US\" \/>\n<meta property=\"og:type\" content=\"article\" \/>\n<meta property=\"og:title\" content=\"Asociace organizac\u00ed v oblasti v\u011bze\u0148stv\u00ed - Contact\" \/>\n<meta property=\"og:description\" content=\"All important contacts including link to Facebook page and Twitter.\" \/>\n<meta property=\"og:url\" content=\"https:\/\/aoov.cz\/en\/contact\/\" \/>\n<meta property=\"og:site_name\" content=\"aoov.cz\" \/>\n<meta property=\"article:modified_time\" content=\"2025-02-27T10:36:12+00:00\" \/>\n<meta property=\"og:image\" content=\"https:\/\/aoov.cz\/wp-content\/uploads\/2020\/05\/aoov_FB-nahled_cmpr.png\" \/>\n<meta name=\"twitter:card\" content=\"summary_large_image\" \/>\n<script type=\"application\/ld+json\" class=\"yoast-schema-graph\">{\"@context\":\"https:\/\/schema.org\",\"@graph\":[{\"@type\":\"WebPage\",\"@id\":\"https:\/\/aoov.cz\/en\/contact\/\",\"url\":\"https:\/\/aoov.cz\/en\/contact\/\",\"name\":\"Contact - aoov.cz\",\"isPartOf\":{\"@id\":\"https:\/\/aoov.cz\/en\/#website\"},\"primaryImageOfPage\":{\"@id\":\"https:\/\/aoov.cz\/en\/contact\/#primaryimage\"},\"image\":{\"@id\":\"https:\/\/aoov.cz\/en\/contact\/#primaryimage\"},\"thumbnailUrl\":\"https:\/\/aoov.cz\/wp-content\/uploads\/2020\/05\/AOOV-favicon_cmpr.png\",\"datePublished\":\"2020-07-13T10:27:41+00:00\",\"dateModified\":\"2025-02-27T10:36:12+00:00\",\"breadcrumb\":{\"@id\":\"https:\/\/aoov.cz\/en\/contact\/#breadcrumb\"},\"inLanguage\":\"en-US\",\"potentialAction\":[{\"@type\":\"ReadAction\",\"target\":[\"https:\/\/aoov.cz\/en\/contact\/\"]}]},{\"@type\":\"ImageObject\",\"inLanguage\":\"en-US\",\"@id\":\"https:\/\/aoov.cz\/en\/contact\/#primaryimage\",\"url\":\"https:\/\/aoov.cz\/wp-content\/uploads\/2020\/05\/AOOV-favicon_cmpr.png\",\"contentUrl\":\"https:\/\/aoov.cz\/wp-content\/uploads\/2020\/05\/AOOV-favicon_cmpr.png\",\"width\":512,\"height\":512},{\"@type\":\"BreadcrumbList\",\"@id\":\"https:\/\/aoov.cz\/en\/contact\/#breadcrumb\",\"itemListElement\":[{\"@type\":\"ListItem\",\"position\":1,\"name\":\"Dom\u016f\",\"item\":\"https:\/\/aoov.cz\/en\/\"},{\"@type\":\"ListItem\",\"position\":2,\"name\":\"Contact\"}]},{\"@type\":\"WebSite\",\"@id\":\"https:\/\/aoov.cz\/en\/#website\",\"url\":\"https:\/\/aoov.cz\/en\/\",\"name\":\"aoov.cz\",\"description\":\"Asociace organizac\u00ed v oblasti v\u011bze\u0148stv\u00ed\",\"publisher\":{\"@id\":\"https:\/\/aoov.cz\/en\/#organization\"},\"potentialAction\":[{\"@type\":\"SearchAction\",\"target\":{\"@type\":\"EntryPoint\",\"urlTemplate\":\"https:\/\/aoov.cz\/en\/?s={search_term_string}\"},\"query-input\":{\"@type\":\"PropertyValueSpecification\",\"valueRequired\":true,\"valueName\":\"search_term_string\"}}],\"inLanguage\":\"en-US\"},{\"@type\":\"Organization\",\"@id\":\"https:\/\/aoov.cz\/en\/#organization\",\"name\":\"aoov.cz\",\"url\":\"https:\/\/aoov.cz\/en\/\",\"logo\":{\"@type\":\"ImageObject\",\"inLanguage\":\"en-US\",\"@id\":\"https:\/\/aoov.cz\/en\/#\/schema\/logo\/image\/\",\"url\":\"https:\/\/aoov.cz\/wp-content\/uploads\/2020\/04\/AOOV-logo_cpmr.png\",\"contentUrl\":\"https:\/\/aoov.cz\/wp-content\/uploads\/2020\/04\/AOOV-logo_cpmr.png\",\"width\":1500,\"height\":697,\"caption\":\"aoov.cz\"},\"image\":{\"@id\":\"https:\/\/aoov.cz\/en\/#\/schema\/logo\/image\/\"}}]}<\/script>\n<!-- \/ Yoast SEO plugin. -->","yoast_head_json":{"title":"Contact - aoov.cz","robots":{"index":"index","follow":"follow","max-snippet":"max-snippet:-1","max-image-preview":"max-image-preview:large","max-video-preview":"max-video-preview:-1"},"canonical":"https:\/\/aoov.cz\/en\/contact\/","og_locale":"en_US","og_type":"article","og_title":"Asociace organizac\u00ed v oblasti v\u011bze\u0148stv\u00ed - Contact","og_description":"All important contacts including link to Facebook page and Twitter.","og_url":"https:\/\/aoov.cz\/en\/contact\/","og_site_name":"aoov.cz","article_modified_time":"2025-02-27T10:36:12+00:00","og_image":[{"url":"https:\/\/aoov.cz\/wp-content\/uploads\/2020\/05\/aoov_FB-nahled_cmpr.png","type":"","width":"","height":""}],"twitter_card":"summary_large_image","schema":{"@context":"https:\/\/schema.org","@graph":[{"@type":"WebPage","@id":"https:\/\/aoov.cz\/en\/contact\/","url":"https:\/\/aoov.cz\/en\/contact\/","name":"Contact - aoov.cz","isPartOf":{"@id":"https:\/\/aoov.cz\/en\/#website"},"primaryImageOfPage":{"@id":"https:\/\/aoov.cz\/en\/contact\/#primaryimage"},"image":{"@id":"https:\/\/aoov.cz\/en\/contact\/#primaryimage"},"thumbnailUrl":"https:\/\/aoov.cz\/wp-content\/uploads\/2020\/05\/AOOV-favicon_cmpr.png","datePublished":"2020-07-13T10:27:41+00:00","dateModified":"2025-02-27T10:36:12+00:00","breadcrumb":{"@id":"https:\/\/aoov.cz\/en\/contact\/#breadcrumb"},"inLanguage":"en-US","potentialAction":[{"@type":"ReadAction","target":["https:\/\/aoov.cz\/en\/contact\/"]}]},{"@type":"ImageObject","inLanguage":"en-US","@id":"https:\/\/aoov.cz\/en\/contact\/#primaryimage","url":"https:\/\/aoov.cz\/wp-content\/uploads\/2020\/05\/AOOV-favicon_cmpr.png","contentUrl":"https:\/\/aoov.cz\/wp-content\/uploads\/2020\/05\/AOOV-favicon_cmpr.png","width":512,"height":512},{"@type":"BreadcrumbList","@id":"https:\/\/aoov.cz\/en\/contact\/#breadcrumb","itemListElement":[{"@type":"ListItem","position":1,"name":"Dom\u016f","item":"https:\/\/aoov.cz\/en\/"},{"@type":"ListItem","position":2,"name":"Contact"}]},{"@type":"WebSite","@id":"https:\/\/aoov.cz\/en\/#website","url":"https:\/\/aoov.cz\/en\/","name":"aoov.cz","description":"Asociace organizac\u00ed v oblasti v\u011bze\u0148stv\u00ed","publisher":{"@id":"https:\/\/aoov.cz\/en\/#organization"},"potentialAction":[{"@type":"SearchAction","target":{"@type":"EntryPoint","urlTemplate":"https:\/\/aoov.cz\/en\/?s={search_term_string}"},"query-input":{"@type":"PropertyValueSpecification","valueRequired":true,"valueName":"search_term_string"}}],"inLanguage":"en-US"},{"@type":"Organization","@id":"https:\/\/aoov.cz\/en\/#organization","name":"aoov.cz","url":"https:\/\/aoov.cz\/en\/","logo":{"@type":"ImageObject","inLanguage":"en-US","@id":"https:\/\/aoov.cz\/en\/#\/schema\/logo\/image\/","url":"https:\/\/aoov.cz\/wp-content\/uploads\/2020\/04\/AOOV-logo_cpmr.png","contentUrl":"https:\/\/aoov.cz\/wp-content\/uploads\/2020\/04\/AOOV-logo_cpmr.png","width":1500,"height":697,"caption":"aoov.cz"},"image":{"@id":"https:\/\/aoov.cz\/en\/#\/schema\/logo\/image\/"}}]}},"_links":{"self":[{"href":"https:\/\/aoov.cz\/en\/wp-json\/wp\/v2\/pages\/815","targetHints":{"allow":["GET"]}}],"collection":[{"href":"https:\/\/aoov.cz\/en\/wp-json\/wp\/v2\/pages"}],"about":[{"href":"https:\/\/aoov.cz\/en\/wp-json\/wp\/v2\/types\/page"}],"author":[{"embeddable":true,"href":"https:\/\/aoov.cz\/en\/wp-json\/wp\/v2\/users\/1"}],"replies":[{"embeddable":true,"href":"https:\/\/aoov.cz\/en\/wp-json\/wp\/v2\/comments?post=815"}],"version-history":[{"count":12,"href":"https:\/\/aoov.cz\/en\/wp-json\/wp\/v2\/pages\/815\/revisions"}],"predecessor-version":[{"id":9964,"href":"https:\/\/aoov.cz\/en\/wp-json\/wp\/v2\/pages\/815\/revisions\/9964"}],"wp:featuredmedia":[{"embeddable":true,"href":"https:\/\/aoov.cz\/en\/wp-json\/wp\/v2\/media\/528"}],"wp:attachment":[{"href":"https:\/\/aoov.cz\/en\/wp-json\/wp\/v2\/media?parent=815"}],"curies":[{"name":"wp","href":"https:\/\/api.w.org\/{rel}","templated":true}]}}