{"id":778,"date":"2020-06-27T17:27:27","date_gmt":"2020-06-27T15:27:27","guid":{"rendered":"http:\/\/aoov.cz\/projects\/"},"modified":"2020-07-15T21:02:14","modified_gmt":"2020-07-15T19:02:14","slug":"projects","status":"publish","type":"page","link":"https:\/\/aoov.cz\/en\/projects\/","title":{"rendered":"Projects"},"content":{"rendered":"\t\t<div data-elementor-type=\"wp-page\" data-elementor-id=\"778\" class=\"elementor elementor-778 elementor-20\" data-elementor-post-type=\"page\">\n\t\t\t\t\t\t<section class=\"elementor-section elementor-top-section elementor-element elementor-element-36aa179 elementor-section-boxed elementor-section-height-default elementor-section-height-default\" data-id=\"36aa179\" data-element_type=\"section\" data-e-type=\"section\">\n\t\t\t\t\t\t<div class=\"elementor-container elementor-column-gap-default\">\n\t\t\t\t\t<div class=\"elementor-column elementor-col-100 elementor-top-column elementor-element elementor-element-d6ab297\" data-id=\"d6ab297\" data-element_type=\"column\" data-e-type=\"column\">\n\t\t\t<div class=\"elementor-widget-wrap elementor-element-populated\">\n\t\t\t\t\t\t\t<\/div>\n\t\t<\/div>\n\t\t\t\t\t<\/div>\n\t\t<\/section>\n\t\t\t\t<\/div>\n\t\t","protected":false},"excerpt":{"rendered":"","protected":false},"author":1,"featured_media":528,"parent":0,"menu_order":0,"comment_status":"closed","ping_status":"closed","template":"","meta":{"_acf_changed":false,"footnotes":""},"class_list":["post-778","page","type-page","status-publish","has-post-thumbnail","hentry"],"acf":[],"yoast_head":"<!-- This site is optimized with the Yoast SEO plugin v24.7 - https:\/\/yoast.com\/wordpress\/plugins\/seo\/ -->\n<title>Projects - aoov.cz<\/title>\n<meta name=\"robots\" content=\"index, follow, max-snippet:-1, max-image-preview:large, max-video-preview:-1\" \/>\n<link rel=\"canonical\" href=\"https:\/\/aoov.cz\/en\/projects\/\" \/>\n<meta property=\"og:locale\" content=\"en_US\" \/>\n<meta property=\"og:type\" content=\"article\" \/>\n<meta property=\"og:title\" content=\"Asociace organizac\u00ed v oblasti v\u011bze\u0148stv\u00ed - Projects\" \/>\n<meta property=\"og:description\" content=\"Knihovna v\u0161ech projekt\u016f, kter\u00e9 p\u0159isp\u00edvaj\u00ed napl\u0148ov\u00e1n\u00ed c\u00edl\u016f Asociace.\" \/>\n<meta property=\"og:url\" content=\"https:\/\/aoov.cz\/en\/projects\/\" \/>\n<meta property=\"og:site_name\" content=\"aoov.cz\" \/>\n<meta property=\"article:modified_time\" content=\"2020-07-15T19:02:14+00:00\" \/>\n<meta property=\"og:image\" content=\"https:\/\/aoov.cz\/wp-content\/uploads\/2020\/05\/aoov_FB-nahled_cmpr.png\" \/>\n<meta name=\"twitter:card\" content=\"summary_large_image\" \/>\n<script type=\"application\/ld+json\" class=\"yoast-schema-graph\">{\"@context\":\"https:\/\/schema.org\",\"@graph\":[{\"@type\":\"WebPage\",\"@id\":\"https:\/\/aoov.cz\/en\/projects\/\",\"url\":\"https:\/\/aoov.cz\/en\/projects\/\",\"name\":\"Projects - aoov.cz\",\"isPartOf\":{\"@id\":\"https:\/\/aoov.cz\/en\/#website\"},\"primaryImageOfPage\":{\"@id\":\"https:\/\/aoov.cz\/en\/projects\/#primaryimage\"},\"image\":{\"@id\":\"https:\/\/aoov.cz\/en\/projects\/#primaryimage\"},\"thumbnailUrl\":\"https:\/\/aoov.cz\/wp-content\/uploads\/2020\/05\/AOOV-favicon_cmpr.png\",\"datePublished\":\"2020-06-27T15:27:27+00:00\",\"dateModified\":\"2020-07-15T19:02:14+00:00\",\"breadcrumb\":{\"@id\":\"https:\/\/aoov.cz\/en\/projects\/#breadcrumb\"},\"inLanguage\":\"en-US\",\"potentialAction\":[{\"@type\":\"ReadAction\",\"target\":[\"https:\/\/aoov.cz\/en\/projects\/\"]}]},{\"@type\":\"ImageObject\",\"inLanguage\":\"en-US\",\"@id\":\"https:\/\/aoov.cz\/en\/projects\/#primaryimage\",\"url\":\"https:\/\/aoov.cz\/wp-content\/uploads\/2020\/05\/AOOV-favicon_cmpr.png\",\"contentUrl\":\"https:\/\/aoov.cz\/wp-content\/uploads\/2020\/05\/AOOV-favicon_cmpr.png\",\"width\":512,\"height\":512},{\"@type\":\"BreadcrumbList\",\"@id\":\"https:\/\/aoov.cz\/en\/projects\/#breadcrumb\",\"itemListElement\":[{\"@type\":\"ListItem\",\"position\":1,\"name\":\"Dom\u016f\",\"item\":\"https:\/\/aoov.cz\/en\/\"},{\"@type\":\"ListItem\",\"position\":2,\"name\":\"Projects\"}]},{\"@type\":\"WebSite\",\"@id\":\"https:\/\/aoov.cz\/en\/#website\",\"url\":\"https:\/\/aoov.cz\/en\/\",\"name\":\"aoov.cz\",\"description\":\"Asociace organizac\u00ed v oblasti v\u011bze\u0148stv\u00ed\",\"publisher\":{\"@id\":\"https:\/\/aoov.cz\/en\/#organization\"},\"potentialAction\":[{\"@type\":\"SearchAction\",\"target\":{\"@type\":\"EntryPoint\",\"urlTemplate\":\"https:\/\/aoov.cz\/en\/?s={search_term_string}\"},\"query-input\":{\"@type\":\"PropertyValueSpecification\",\"valueRequired\":true,\"valueName\":\"search_term_string\"}}],\"inLanguage\":\"en-US\"},{\"@type\":\"Organization\",\"@id\":\"https:\/\/aoov.cz\/en\/#organization\",\"name\":\"aoov.cz\",\"url\":\"https:\/\/aoov.cz\/en\/\",\"logo\":{\"@type\":\"ImageObject\",\"inLanguage\":\"en-US\",\"@id\":\"https:\/\/aoov.cz\/en\/#\/schema\/logo\/image\/\",\"url\":\"https:\/\/aoov.cz\/wp-content\/uploads\/2020\/04\/AOOV-logo_cpmr.png\",\"contentUrl\":\"https:\/\/aoov.cz\/wp-content\/uploads\/2020\/04\/AOOV-logo_cpmr.png\",\"width\":1500,\"height\":697,\"caption\":\"aoov.cz\"},\"image\":{\"@id\":\"https:\/\/aoov.cz\/en\/#\/schema\/logo\/image\/\"}}]}<\/script>\n<!-- \/ Yoast SEO plugin. -->","yoast_head_json":{"title":"Projects - aoov.cz","robots":{"index":"index","follow":"follow","max-snippet":"max-snippet:-1","max-image-preview":"max-image-preview:large","max-video-preview":"max-video-preview:-1"},"canonical":"https:\/\/aoov.cz\/en\/projects\/","og_locale":"en_US","og_type":"article","og_title":"Asociace organizac\u00ed v oblasti v\u011bze\u0148stv\u00ed - Projects","og_description":"Knihovna v\u0161ech projekt\u016f, kter\u00e9 p\u0159isp\u00edvaj\u00ed napl\u0148ov\u00e1n\u00ed c\u00edl\u016f Asociace.","og_url":"https:\/\/aoov.cz\/en\/projects\/","og_site_name":"aoov.cz","article_modified_time":"2020-07-15T19:02:14+00:00","og_image":[{"url":"https:\/\/aoov.cz\/wp-content\/uploads\/2020\/05\/aoov_FB-nahled_cmpr.png","type":"","width":"","height":""}],"twitter_card":"summary_large_image","schema":{"@context":"https:\/\/schema.org","@graph":[{"@type":"WebPage","@id":"https:\/\/aoov.cz\/en\/projects\/","url":"https:\/\/aoov.cz\/en\/projects\/","name":"Projects - aoov.cz","isPartOf":{"@id":"https:\/\/aoov.cz\/en\/#website"},"primaryImageOfPage":{"@id":"https:\/\/aoov.cz\/en\/projects\/#primaryimage"},"image":{"@id":"https:\/\/aoov.cz\/en\/projects\/#primaryimage"},"thumbnailUrl":"https:\/\/aoov.cz\/wp-content\/uploads\/2020\/05\/AOOV-favicon_cmpr.png","datePublished":"2020-06-27T15:27:27+00:00","dateModified":"2020-07-15T19:02:14+00:00","breadcrumb":{"@id":"https:\/\/aoov.cz\/en\/projects\/#breadcrumb"},"inLanguage":"en-US","potentialAction":[{"@type":"ReadAction","target":["https:\/\/aoov.cz\/en\/projects\/"]}]},{"@type":"ImageObject","inLanguage":"en-US","@id":"https:\/\/aoov.cz\/en\/projects\/#primaryimage","url":"https:\/\/aoov.cz\/wp-content\/uploads\/2020\/05\/AOOV-favicon_cmpr.png","contentUrl":"https:\/\/aoov.cz\/wp-content\/uploads\/2020\/05\/AOOV-favicon_cmpr.png","width":512,"height":512},{"@type":"BreadcrumbList","@id":"https:\/\/aoov.cz\/en\/projects\/#breadcrumb","itemListElement":[{"@type":"ListItem","position":1,"name":"Dom\u016f","item":"https:\/\/aoov.cz\/en\/"},{"@type":"ListItem","position":2,"name":"Projects"}]},{"@type":"WebSite","@id":"https:\/\/aoov.cz\/en\/#website","url":"https:\/\/aoov.cz\/en\/","name":"aoov.cz","description":"Asociace organizac\u00ed v oblasti v\u011bze\u0148stv\u00ed","publisher":{"@id":"https:\/\/aoov.cz\/en\/#organization"},"potentialAction":[{"@type":"SearchAction","target":{"@type":"EntryPoint","urlTemplate":"https:\/\/aoov.cz\/en\/?s={search_term_string}"},"query-input":{"@type":"PropertyValueSpecification","valueRequired":true,"valueName":"search_term_string"}}],"inLanguage":"en-US"},{"@type":"Organization","@id":"https:\/\/aoov.cz\/en\/#organization","name":"aoov.cz","url":"https:\/\/aoov.cz\/en\/","logo":{"@type":"ImageObject","inLanguage":"en-US","@id":"https:\/\/aoov.cz\/en\/#\/schema\/logo\/image\/","url":"https:\/\/aoov.cz\/wp-content\/uploads\/2020\/04\/AOOV-logo_cpmr.png","contentUrl":"https:\/\/aoov.cz\/wp-content\/uploads\/2020\/04\/AOOV-logo_cpmr.png","width":1500,"height":697,"caption":"aoov.cz"},"image":{"@id":"https:\/\/aoov.cz\/en\/#\/schema\/logo\/image\/"}}]}},"_links":{"self":[{"href":"https:\/\/aoov.cz\/en\/wp-json\/wp\/v2\/pages\/778","targetHints":{"allow":["GET"]}}],"collection":[{"href":"https:\/\/aoov.cz\/en\/wp-json\/wp\/v2\/pages"}],"about":[{"href":"https:\/\/aoov.cz\/en\/wp-json\/wp\/v2\/types\/page"}],"author":[{"embeddable":true,"href":"https:\/\/aoov.cz\/en\/wp-json\/wp\/v2\/users\/1"}],"replies":[{"embeddable":true,"href":"https:\/\/aoov.cz\/en\/wp-json\/wp\/v2\/comments?post=778"}],"version-history":[{"count":1,"href":"https:\/\/aoov.cz\/en\/wp-json\/wp\/v2\/pages\/778\/revisions"}],"predecessor-version":[{"id":779,"href":"https:\/\/aoov.cz\/en\/wp-json\/wp\/v2\/pages\/778\/revisions\/779"}],"wp:featuredmedia":[{"embeddable":true,"href":"https:\/\/aoov.cz\/en\/wp-json\/wp\/v2\/media\/528"}],"wp:attachment":[{"href":"https:\/\/aoov.cz\/en\/wp-json\/wp\/v2\/media?parent=778"}],"curies":[{"name":"wp","href":"https:\/\/api.w.org\/{rel}","templated":true}]}}